{"id":147,"date":"2019-06-23T23:23:20","date_gmt":"2019-06-23T23:23:20","guid":{"rendered":"http:\/\/inspirythemesdemo.com\/realplaces\/?page_id=147"},"modified":"2019-06-23T23:23:20","modified_gmt":"2019-06-23T23:23:20","slug":"gallery","status":"publish","type":"page","link":"https:\/\/onicop.blog\/?page_id=147","title":{"rendered":"Gallery"},"content":{"rendered":"","protected":false},"excerpt":{"rendered":"","protected":false},"author":1,"featured_media":0,"parent":0,"menu_order":0,"comment_status":"open","ping_status":"closed","template":"templates\/properties-gallery.php","meta":{"om_disable_all_campaigns":false,"_monsterinsights_skip_tracking":false,"_monsterinsights_sitenote_active":false,"_monsterinsights_sitenote_note":"","_monsterinsights_sitenote_category":0,"footnotes":""},"class_list":["post-147","page","type-page","status-publish","hentry"],"yoast_head":"<!-- This site is optimized with the Yoast SEO Premium plugin v23.1 (Yoast SEO v26.8) - https:\/\/yoast.com\/product\/yoast-seo-premium-wordpress\/ -->\n<title>Gallery | Beira-Mar Nazar\u00e9 Apartments<\/title>\n<meta name=\"robots\" content=\"index, follow, max-snippet:-1, max-image-preview:large, max-video-preview:-1\" \/>\n<link rel=\"canonical\" href=\"https:\/\/onicop.blog\/?page_id=147\" \/>\n<meta property=\"og:locale\" content=\"pt_PT\" \/>\n<meta property=\"og:type\" content=\"article\" \/>\n<meta property=\"og:title\" content=\"Gallery\" \/>\n<meta property=\"og:url\" content=\"https:\/\/onicop.blog\/?page_id=147\" \/>\n<meta property=\"og:site_name\" content=\"Beira-Mar Nazar\u00e9 Apartments\" \/>\n<meta name=\"twitter:card\" content=\"summary_large_image\" \/>\n<script type=\"application\/ld+json\" class=\"yoast-schema-graph\">{\"@context\":\"https:\/\/schema.org\",\"@graph\":[{\"@type\":\"WebPage\",\"@id\":\"https:\/\/onicop.blog\/?page_id=147\",\"url\":\"https:\/\/onicop.blog\/?page_id=147\",\"name\":\"Gallery | Beira-Mar Nazar\u00e9 Apartments\",\"isPartOf\":{\"@id\":\"https:\/\/onicop.blog\/#website\"},\"datePublished\":\"2019-06-23T23:23:20+00:00\",\"breadcrumb\":{\"@id\":\"https:\/\/onicop.blog\/?page_id=147#breadcrumb\"},\"inLanguage\":\"pt-PT\",\"potentialAction\":[{\"@type\":\"ReadAction\",\"target\":[\"https:\/\/onicop.blog\/?page_id=147\"]}]},{\"@type\":\"BreadcrumbList\",\"@id\":\"https:\/\/onicop.blog\/?page_id=147#breadcrumb\",\"itemListElement\":[{\"@type\":\"ListItem\",\"position\":1,\"name\":\"In\u00edcio\",\"item\":\"https:\/\/onicop.blog\/\"},{\"@type\":\"ListItem\",\"position\":2,\"name\":\"Gallery\"}]},{\"@type\":\"WebSite\",\"@id\":\"https:\/\/onicop.blog\/#website\",\"url\":\"https:\/\/onicop.blog\/\",\"name\":\"Beira-Mar Nazar\u00e9 Apartments\",\"description\":\"Casa de f\u00e9rias na Nazar\u00e9\",\"publisher\":{\"@id\":\"https:\/\/onicop.blog\/#organization\"},\"potentialAction\":[{\"@type\":\"SearchAction\",\"target\":{\"@type\":\"EntryPoint\",\"urlTemplate\":\"https:\/\/onicop.blog\/?s={search_term_string}\"},\"query-input\":{\"@type\":\"PropertyValueSpecification\",\"valueRequired\":true,\"valueName\":\"search_term_string\"}}],\"inLanguage\":\"pt-PT\"},{\"@type\":\"Organization\",\"@id\":\"https:\/\/onicop.blog\/#organization\",\"name\":\"Beira-Mar Nazar\u00e9 Apartments\",\"url\":\"https:\/\/onicop.blog\/\",\"logo\":{\"@type\":\"ImageObject\",\"inLanguage\":\"pt-PT\",\"@id\":\"https:\/\/onicop.blog\/#\/schema\/logo\/image\/\",\"url\":\"https:\/\/onicop.blog\/wp-content\/uploads\/2020\/09\/Beira-Mar-Logo-teste-1-1.png\",\"contentUrl\":\"https:\/\/onicop.blog\/wp-content\/uploads\/2020\/09\/Beira-Mar-Logo-teste-1-1.png\",\"width\":722,\"height\":221,\"caption\":\"Beira-Mar Nazar\u00e9 Apartments\"},\"image\":{\"@id\":\"https:\/\/onicop.blog\/#\/schema\/logo\/image\/\"},\"description\":\"Aluguer de casas de f\u00e9rias na Nazar\u00e9.\",\"email\":\"info@beirmarnazare.com\",\"telephone\":\"919592550\",\"vatID\":\"509614582\",\"numberOfEmployees\":{\"@type\":\"QuantitativeValue\",\"minValue\":\"1\",\"maxValue\":\"10\"},\"publishingPrinciples\":\"https:\/\/onicop.blog\/?page_id=7322\"}]}<\/script>\n<!-- \/ Yoast SEO Premium plugin. -->","yoast_head_json":{"title":"Gallery | Beira-Mar Nazar\u00e9 Apartments","robots":{"index":"index","follow":"follow","max-snippet":"max-snippet:-1","max-image-preview":"max-image-preview:large","max-video-preview":"max-video-preview:-1"},"canonical":"https:\/\/onicop.blog\/?page_id=147","og_locale":"pt_PT","og_type":"article","og_title":"Gallery","og_url":"https:\/\/onicop.blog\/?page_id=147","og_site_name":"Beira-Mar Nazar\u00e9 Apartments","twitter_card":"summary_large_image","schema":{"@context":"https:\/\/schema.org","@graph":[{"@type":"WebPage","@id":"https:\/\/onicop.blog\/?page_id=147","url":"https:\/\/onicop.blog\/?page_id=147","name":"Gallery | Beira-Mar Nazar\u00e9 Apartments","isPartOf":{"@id":"https:\/\/onicop.blog\/#website"},"datePublished":"2019-06-23T23:23:20+00:00","breadcrumb":{"@id":"https:\/\/onicop.blog\/?page_id=147#breadcrumb"},"inLanguage":"pt-PT","potentialAction":[{"@type":"ReadAction","target":["https:\/\/onicop.blog\/?page_id=147"]}]},{"@type":"BreadcrumbList","@id":"https:\/\/onicop.blog\/?page_id=147#breadcrumb","itemListElement":[{"@type":"ListItem","position":1,"name":"In\u00edcio","item":"https:\/\/onicop.blog\/"},{"@type":"ListItem","position":2,"name":"Gallery"}]},{"@type":"WebSite","@id":"https:\/\/onicop.blog\/#website","url":"https:\/\/onicop.blog\/","name":"Beira-Mar Nazar\u00e9 Apartments","description":"Casa de f\u00e9rias na Nazar\u00e9","publisher":{"@id":"https:\/\/onicop.blog\/#organization"},"potentialAction":[{"@type":"SearchAction","target":{"@type":"EntryPoint","urlTemplate":"https:\/\/onicop.blog\/?s={search_term_string}"},"query-input":{"@type":"PropertyValueSpecification","valueRequired":true,"valueName":"search_term_string"}}],"inLanguage":"pt-PT"},{"@type":"Organization","@id":"https:\/\/onicop.blog\/#organization","name":"Beira-Mar Nazar\u00e9 Apartments","url":"https:\/\/onicop.blog\/","logo":{"@type":"ImageObject","inLanguage":"pt-PT","@id":"https:\/\/onicop.blog\/#\/schema\/logo\/image\/","url":"https:\/\/onicop.blog\/wp-content\/uploads\/2020\/09\/Beira-Mar-Logo-teste-1-1.png","contentUrl":"https:\/\/onicop.blog\/wp-content\/uploads\/2020\/09\/Beira-Mar-Logo-teste-1-1.png","width":722,"height":221,"caption":"Beira-Mar Nazar\u00e9 Apartments"},"image":{"@id":"https:\/\/onicop.blog\/#\/schema\/logo\/image\/"},"description":"Aluguer de casas de f\u00e9rias na Nazar\u00e9.","email":"info@beirmarnazare.com","telephone":"919592550","vatID":"509614582","numberOfEmployees":{"@type":"QuantitativeValue","minValue":"1","maxValue":"10"},"publishingPrinciples":"https:\/\/onicop.blog\/?page_id=7322"}]}},"jetpack_sharing_enabled":true,"_links":{"self":[{"href":"https:\/\/onicop.blog\/index.php?rest_route=\/wp\/v2\/pages\/147","targetHints":{"allow":["GET"]}}],"collection":[{"href":"https:\/\/onicop.blog\/index.php?rest_route=\/wp\/v2\/pages"}],"about":[{"href":"https:\/\/onicop.blog\/index.php?rest_route=\/wp\/v2\/types\/page"}],"author":[{"embeddable":true,"href":"https:\/\/onicop.blog\/index.php?rest_route=\/wp\/v2\/users\/1"}],"replies":[{"embeddable":true,"href":"https:\/\/onicop.blog\/index.php?rest_route=%2Fwp%2Fv2%2Fcomments&post=147"}],"version-history":[{"count":0,"href":"https:\/\/onicop.blog\/index.php?rest_route=\/wp\/v2\/pages\/147\/revisions"}],"wp:attachment":[{"href":"https:\/\/onicop.blog\/index.php?rest_route=%2Fwp%2Fv2%2Fmedia&parent=147"}],"curies":[{"name":"wp","href":"https:\/\/api.w.org\/{rel}","templated":true}]}}