{"id":6551,"date":"2023-09-30T21:36:43","date_gmt":"2023-09-30T21:36:43","guid":{"rendered":"https:\/\/onicop.blog\/?page_id=6551"},"modified":"2023-10-20T08:52:29","modified_gmt":"2023-10-20T08:52:29","slug":"politica-de-cookies","status":"publish","type":"page","link":"https:\/\/onicop.blog\/?page_id=6551","title":{"rendered":"Pol\u00edtica de Cookies"},"content":{"rendered":"\n<p>O website das Casinhas Beira-Mar utiliza cookies com o fim de lhe oferecer uma melhor experi\u00eancia de navega\u00e7\u00e3o, ajustando-se \u00e0s suas necessidades, aumentando assim a efici\u00eancia de resposta. Leia atentamente esta Pol\u00edtica de Cookies para se informar sobre o uso respons\u00e1vel que a Casinhas Beira-Mar faz delas e sobre as op\u00e7\u00f5es que tem para configurar o seu navegador. Descrevemos igualmente como usamos as cookies e algumas medidas de seguran\u00e7a que tomamos para proteger a sua privacidade.<\/p>\n\n\n\n<p>O que s\u00e3o Cookies<\/p>\n\n\n\n<p>As cookies s\u00e3o pequenos ficheiros de dados que s\u00e3o armazenadas no seu computador atrav\u00e9s do navegador \u2013 browser \u2013 identificando o seu computador no nosso servidor. Permitem-nos conhecer a frequ\u00eancia das suas visitas, o tempo das mesmas, os conte\u00fados mais selecionados, retendo assim apenas informa\u00e7\u00e3o referente \u00e0s suas prefer\u00eancias, eliminando a necessidade de introduzir repetidamente as mesmas informa\u00e7\u00f5es. As cookies n\u00e3o s\u00e3o utilizadas para recolher dados pessoais.<\/p>\n\n\n\n<p>Que tipo de cookies existem<\/p>\n\n\n\n<p>Existem dois grupos cookies:<\/p>\n\n\n\n<p>1. Cookies permanentes \u2013 armazenadas ao n\u00edvel do browser nos seus equipamentos de acesso (PC, mobile e tablet) e que s\u00e3o utilizadas sempre que volta a usar o nosso website. S\u00e3o usadas, em regra, para melhorar a sua navega\u00e7\u00e3o e visita no nosso website, uma vez que direciona a navega\u00e7\u00e3o aos seus interesses, permitindo assim prestar um servi\u00e7o personalizado.<\/p>\n\n\n\n<p>2. Cookies de sess\u00e3o- tempor\u00e1rias que permanecem no arquivo de cookies do seu browser at\u00e9 sair do nosso website. A informa\u00e7\u00e3o obtida por estas auxilia a an\u00e1lise de padr\u00f5es de tr\u00e1fego na web, permitindo identificar problemas e fornecer uma melhor experi\u00eancia de navega\u00e7\u00e3o.<\/p>\n\n\n\n<p>Quais as cookies que utilizamos e para que finalidade<\/p>\n\n\n\n<p>Cookies estritamente necess\u00e1rios<\/p>\n\n\n\n<p>Permitem que navegue no nosso website e utilize as suas aplica\u00e7\u00f5es, bem como aceder a \u00e1reas seguras do website. Sem estas cookies, os servi\u00e7os que tenha requerido n\u00e3o podem ser prestados.<\/p>\n\n\n\n<p>Cookies anal\u00edticas<\/p>\n\n\n\n<p>S\u00e3o utilizadas anonimamente para efeitos de cria\u00e7\u00e3o e an\u00e1lise de estat\u00edsticas, no sentido de melhorar o funcionamento do nosso website.<\/p>\n\n\n\n<p>Cookies de autentica\u00e7\u00e3o<\/p>\n\n\n\n<p>Utilizam-se para a manuten\u00e7\u00e3o da sess\u00e3o do utilizador durante cada visita, sendo dominantes em ambientes privados do site que precisam de um utilizador e palavra passe para o acesso.<\/p>\n\n\n\n<p>Cookies de funcionalidade<\/p>\n\n\n\n<p>Guardam as prefer\u00eancias do utilizador relativamente \u00e0 utiliza\u00e7\u00e3o do site, para que n\u00e3o seja necess\u00e1rio voltar a configurar o site cada vez que o visita.<\/p>\n\n\n\n<p>Cookies de terceiros<\/p>\n\n\n\n<p>Medem o sucesso de aplica\u00e7\u00f5es e a efic\u00e1cia da publicidade de terceiros.<\/p>\n\n\n\n<p>Cookies de publicidade<\/p>\n\n\n\n<p>Direcionam a publicidade em fun\u00e7\u00e3o dos interesses de cada utilizador, por forma a direcionar as campanhas publicit\u00e1rias tendo em conta os gostos dos utilizadores, sendo que, al\u00e9m disso, limitam a quantidade de vezes que v\u00ea o an\u00fancio, ajudando a medir a efic\u00e1cia da publicidade e o sucesso da organiza\u00e7\u00e3o do nosso website.<\/p>\n\n\n\n<p>Quem acede \u00e0 informa\u00e7\u00e3o das cookies<\/p>\n\n\n\n<p>A informa\u00e7\u00e3o armazenada nas cookies \u00e9 utilizada exclusivamente pela Casinhas Beira-Mar.<\/p>\n\n\n\n<p>Como pode gerir ou desativar as cookies<\/p>\n\n\n\n<p>Os navegadores \u2013 browser- permitem ao utilizador aceitar, recusar, apagar e bloquear as cookies atrav\u00e9s das configura\u00e7\u00f5es\/ defini\u00e7\u00f5es do navegador. Pode configurar as cookies no menu \u201cop\u00e7\u00f5es\u201d ou \u201cprefer\u00eancias\u201d do seu navegador. Com efeito, e caso deseje posteriormente eliminar as cookies armazenadas no seu computador, e que necessariamente precisem do seu consentimento, poder\u00e1 faz\u00ea-lo usando as ferramentas que o seu navegador lhe oferece para tal. Assim, e considerando os diferentes navegadores existentes, indica-se abaixo os seguintes endere\u00e7os para desativar as cookies:<\/p>\n\n\n\n<ol class=\"wp-block-list\" type=\"i\" start=\"1\">\n<li>Firefox:&nbsp;<a href=\"https:\/\/support.mozilla.org\/pt-PT\/kb\/ativar-e-desativar-cookies-que-os-websites-utiliza\" target=\"_blank\" rel=\"noreferrer noopener\">https:\/\/support.mozilla.org\/pt-PT\/kb\/ativar-e-desativar-cookies-que-os-websites-utiliza<\/a>&nbsp;Internet Explorer:&nbsp;<a href=\"https:\/\/support.microsoft.com\/pt-pt\/help\/17442\/windows-internet-explorer-delete-manage-cookies\" target=\"_blank\" rel=\"noreferrer noopener\">https:\/\/support.microsoft.com\/pt-pt\/help\/17442\/windows-internet-explorer-delete-manage-cookies<\/a><\/li>\n\n\n\n<li>Chrome:&nbsp;<a href=\"https:\/\/support.google.com\/chrome\/answer\/95647?hl=pt\" target=\"_blank\" rel=\"noreferrer noopener\">https:\/\/support.google.com\/chrome\/answer\/95647?hl=pt<\/a>&nbsp;Safari:&nbsp;<a href=\"https:\/\/support.apple.com\/pt-pt\/HT201265\" target=\"_blank\" rel=\"noreferrer noopener\">https:\/\/support.apple.com\/pt-pt\/HT201265<\/a><\/li>\n\n\n\n<li>Opera:&nbsp;<a href=\"http:\/\/help.opera.com\/Windows\/9.23\/pt\/cookies.html\" target=\"_blank\" rel=\"noreferrer noopener\">http:\/\/help.opera.com\/Windows\/9.23\/pt\/cookies.html<\/a><\/li>\n<\/ol>\n\n\n\n<p>Link<\/p>\n\n\n\n<p>Para mais informa\u00e7\u00e3o sobre cookies sugerimos que visite&nbsp;<a href=\"http:\/\/www.allaboutcookies.org\/\" target=\"_blank\" rel=\"noreferrer noopener\">http:\/\/www.allaboutcookies.org\/<\/a><\/p>\n\n\n\n<p>Aceita\u00e7\u00e3o dos termos<\/p>\n\n\n\n<p>Ao utilizar o nosso website, concorda com a recolha e uso das suas informa\u00e7\u00f5es conforme o estabelecido na presente Pol\u00edtica de Privacidade e Cookies. Mediante a aceita\u00e7\u00e3o da presente Pol\u00edtica de Privacidade e Cookies, o utilizador estar\u00e1 a consentir a gera\u00e7\u00e3o de cookies para as finalidades acima mencionadas. A Casinhas Beira-Mar pode modificar esta Pol\u00edtica de Privacidade e Cookies em fun\u00e7\u00e3o de exig\u00eancias legislativas, regulamentares, ou com a finalidade de adaptar a dita pol\u00edtica \u00e0s instru\u00e7\u00f5es e recomenda\u00e7\u00f5es ditadas pelos reguladores. Casinhas Beira-Mar pode ocasionalmente atualizar a sua Pol\u00edtica de Privacidade e Cookies, solicitando-se que reveja periodicamente este documento para se manter atualizado.<\/p>\n","protected":false},"excerpt":{"rendered":"<p>O website das Casinhas Beira-Mar utiliza cookies com o fim de lhe oferecer uma melhor experi\u00eancia de navega\u00e7\u00e3o, ajustando-se \u00e0s suas necessidades, aumentando assim a efici\u00eancia de resposta. Leia atentamente esta Pol\u00edtica de Cookies para se informar sobre o uso respons\u00e1vel que a Casinhas Beira-Mar faz delas e sobre as op\u00e7\u00f5es que tem para configurar&#8230;<\/p>\n","protected":false},"author":1,"featured_media":0,"parent":0,"menu_order":0,"comment_status":"closed","ping_status":"open","template":"","meta":{"om_disable_all_campaigns":false,"_monsterinsights_skip_tracking":false,"_monsterinsights_sitenote_active":false,"_monsterinsights_sitenote_note":"","_monsterinsights_sitenote_category":0,"footnotes":""},"class_list":["post-6551","page","type-page","status-publish","hentry"],"yoast_head":"<!-- This site is optimized with the Yoast SEO Premium plugin v23.1 (Yoast SEO v26.8) - https:\/\/yoast.com\/product\/yoast-seo-premium-wordpress\/ -->\n<title>Pol\u00edtica de Cookies | Beira-Mar Nazar\u00e9 Apartments<\/title>\n<meta name=\"robots\" content=\"index, follow, max-snippet:-1, max-image-preview:large, max-video-preview:-1\" \/>\n<link rel=\"canonical\" href=\"https:\/\/onicop.blog\/?page_id=6551\" \/>\n<meta property=\"og:locale\" content=\"pt_PT\" \/>\n<meta property=\"og:type\" content=\"article\" \/>\n<meta property=\"og:title\" content=\"Pol\u00edtica de Cookies\" \/>\n<meta property=\"og:description\" content=\"O website das Casinhas Beira-Mar utiliza cookies com o fim de lhe oferecer uma melhor experi\u00eancia de navega\u00e7\u00e3o, ajustando-se \u00e0s suas necessidades, aumentando assim a efici\u00eancia de resposta. Leia atentamente esta Pol\u00edtica de Cookies para se informar sobre o uso respons\u00e1vel que a Casinhas Beira-Mar faz delas e sobre as op\u00e7\u00f5es que tem para configurar...\" \/>\n<meta property=\"og:url\" content=\"https:\/\/onicop.blog\/?page_id=6551\" \/>\n<meta property=\"og:site_name\" content=\"Beira-Mar Nazar\u00e9 Apartments\" \/>\n<meta property=\"article:modified_time\" content=\"2023-10-20T08:52:29+00:00\" \/>\n<meta name=\"twitter:card\" content=\"summary_large_image\" \/>\n<meta name=\"twitter:label1\" content=\"Tempo estimado de leitura\" \/>\n\t<meta name=\"twitter:data1\" content=\"4 minutos\" \/>\n<script type=\"application\/ld+json\" class=\"yoast-schema-graph\">{\"@context\":\"https:\/\/schema.org\",\"@graph\":[{\"@type\":\"WebPage\",\"@id\":\"https:\/\/onicop.blog\/?page_id=6551\",\"url\":\"https:\/\/onicop.blog\/?page_id=6551\",\"name\":\"Pol\u00edtica de Cookies | Beira-Mar Nazar\u00e9 Apartments\",\"isPartOf\":{\"@id\":\"https:\/\/onicop.blog\/#website\"},\"datePublished\":\"2023-09-30T21:36:43+00:00\",\"dateModified\":\"2023-10-20T08:52:29+00:00\",\"breadcrumb\":{\"@id\":\"https:\/\/onicop.blog\/?page_id=6551#breadcrumb\"},\"inLanguage\":\"pt-PT\",\"potentialAction\":[{\"@type\":\"ReadAction\",\"target\":[\"https:\/\/onicop.blog\/?page_id=6551\"]}]},{\"@type\":\"BreadcrumbList\",\"@id\":\"https:\/\/onicop.blog\/?page_id=6551#breadcrumb\",\"itemListElement\":[{\"@type\":\"ListItem\",\"position\":1,\"name\":\"In\u00edcio\",\"item\":\"https:\/\/onicop.blog\/\"},{\"@type\":\"ListItem\",\"position\":2,\"name\":\"Pol\u00edtica de Cookies\"}]},{\"@type\":\"WebSite\",\"@id\":\"https:\/\/onicop.blog\/#website\",\"url\":\"https:\/\/onicop.blog\/\",\"name\":\"Beira-Mar Nazar\u00e9 Apartments\",\"description\":\"Casa de f\u00e9rias na Nazar\u00e9\",\"publisher\":{\"@id\":\"https:\/\/onicop.blog\/#organization\"},\"potentialAction\":[{\"@type\":\"SearchAction\",\"target\":{\"@type\":\"EntryPoint\",\"urlTemplate\":\"https:\/\/onicop.blog\/?s={search_term_string}\"},\"query-input\":{\"@type\":\"PropertyValueSpecification\",\"valueRequired\":true,\"valueName\":\"search_term_string\"}}],\"inLanguage\":\"pt-PT\"},{\"@type\":\"Organization\",\"@id\":\"https:\/\/onicop.blog\/#organization\",\"name\":\"Beira-Mar Nazar\u00e9 Apartments\",\"url\":\"https:\/\/onicop.blog\/\",\"logo\":{\"@type\":\"ImageObject\",\"inLanguage\":\"pt-PT\",\"@id\":\"https:\/\/onicop.blog\/#\/schema\/logo\/image\/\",\"url\":\"https:\/\/onicop.blog\/wp-content\/uploads\/2020\/09\/Beira-Mar-Logo-teste-1-1.png\",\"contentUrl\":\"https:\/\/onicop.blog\/wp-content\/uploads\/2020\/09\/Beira-Mar-Logo-teste-1-1.png\",\"width\":722,\"height\":221,\"caption\":\"Beira-Mar Nazar\u00e9 Apartments\"},\"image\":{\"@id\":\"https:\/\/onicop.blog\/#\/schema\/logo\/image\/\"},\"description\":\"Aluguer de casas de f\u00e9rias na Nazar\u00e9.\",\"email\":\"info@beirmarnazare.com\",\"telephone\":\"919592550\",\"vatID\":\"509614582\",\"numberOfEmployees\":{\"@type\":\"QuantitativeValue\",\"minValue\":\"1\",\"maxValue\":\"10\"},\"publishingPrinciples\":\"https:\/\/onicop.blog\/?page_id=7322\"}]}<\/script>\n<!-- \/ Yoast SEO Premium plugin. -->","yoast_head_json":{"title":"Pol\u00edtica de Cookies | Beira-Mar Nazar\u00e9 Apartments","robots":{"index":"index","follow":"follow","max-snippet":"max-snippet:-1","max-image-preview":"max-image-preview:large","max-video-preview":"max-video-preview:-1"},"canonical":"https:\/\/onicop.blog\/?page_id=6551","og_locale":"pt_PT","og_type":"article","og_title":"Pol\u00edtica de Cookies","og_description":"O website das Casinhas Beira-Mar utiliza cookies com o fim de lhe oferecer uma melhor experi\u00eancia de navega\u00e7\u00e3o, ajustando-se \u00e0s suas necessidades, aumentando assim a efici\u00eancia de resposta. Leia atentamente esta Pol\u00edtica de Cookies para se informar sobre o uso respons\u00e1vel que a Casinhas Beira-Mar faz delas e sobre as op\u00e7\u00f5es que tem para configurar...","og_url":"https:\/\/onicop.blog\/?page_id=6551","og_site_name":"Beira-Mar Nazar\u00e9 Apartments","article_modified_time":"2023-10-20T08:52:29+00:00","twitter_card":"summary_large_image","twitter_misc":{"Tempo estimado de leitura":"4 minutos"},"schema":{"@context":"https:\/\/schema.org","@graph":[{"@type":"WebPage","@id":"https:\/\/onicop.blog\/?page_id=6551","url":"https:\/\/onicop.blog\/?page_id=6551","name":"Pol\u00edtica de Cookies | Beira-Mar Nazar\u00e9 Apartments","isPartOf":{"@id":"https:\/\/onicop.blog\/#website"},"datePublished":"2023-09-30T21:36:43+00:00","dateModified":"2023-10-20T08:52:29+00:00","breadcrumb":{"@id":"https:\/\/onicop.blog\/?page_id=6551#breadcrumb"},"inLanguage":"pt-PT","potentialAction":[{"@type":"ReadAction","target":["https:\/\/onicop.blog\/?page_id=6551"]}]},{"@type":"BreadcrumbList","@id":"https:\/\/onicop.blog\/?page_id=6551#breadcrumb","itemListElement":[{"@type":"ListItem","position":1,"name":"In\u00edcio","item":"https:\/\/onicop.blog\/"},{"@type":"ListItem","position":2,"name":"Pol\u00edtica de Cookies"}]},{"@type":"WebSite","@id":"https:\/\/onicop.blog\/#website","url":"https:\/\/onicop.blog\/","name":"Beira-Mar Nazar\u00e9 Apartments","description":"Casa de f\u00e9rias na Nazar\u00e9","publisher":{"@id":"https:\/\/onicop.blog\/#organization"},"potentialAction":[{"@type":"SearchAction","target":{"@type":"EntryPoint","urlTemplate":"https:\/\/onicop.blog\/?s={search_term_string}"},"query-input":{"@type":"PropertyValueSpecification","valueRequired":true,"valueName":"search_term_string"}}],"inLanguage":"pt-PT"},{"@type":"Organization","@id":"https:\/\/onicop.blog\/#organization","name":"Beira-Mar Nazar\u00e9 Apartments","url":"https:\/\/onicop.blog\/","logo":{"@type":"ImageObject","inLanguage":"pt-PT","@id":"https:\/\/onicop.blog\/#\/schema\/logo\/image\/","url":"https:\/\/onicop.blog\/wp-content\/uploads\/2020\/09\/Beira-Mar-Logo-teste-1-1.png","contentUrl":"https:\/\/onicop.blog\/wp-content\/uploads\/2020\/09\/Beira-Mar-Logo-teste-1-1.png","width":722,"height":221,"caption":"Beira-Mar Nazar\u00e9 Apartments"},"image":{"@id":"https:\/\/onicop.blog\/#\/schema\/logo\/image\/"},"description":"Aluguer de casas de f\u00e9rias na Nazar\u00e9.","email":"info@beirmarnazare.com","telephone":"919592550","vatID":"509614582","numberOfEmployees":{"@type":"QuantitativeValue","minValue":"1","maxValue":"10"},"publishingPrinciples":"https:\/\/onicop.blog\/?page_id=7322"}]}},"jetpack_sharing_enabled":true,"_links":{"self":[{"href":"https:\/\/onicop.blog\/index.php?rest_route=\/wp\/v2\/pages\/6551","targetHints":{"allow":["GET"]}}],"collection":[{"href":"https:\/\/onicop.blog\/index.php?rest_route=\/wp\/v2\/pages"}],"about":[{"href":"https:\/\/onicop.blog\/index.php?rest_route=\/wp\/v2\/types\/page"}],"author":[{"embeddable":true,"href":"https:\/\/onicop.blog\/index.php?rest_route=\/wp\/v2\/users\/1"}],"replies":[{"embeddable":true,"href":"https:\/\/onicop.blog\/index.php?rest_route=%2Fwp%2Fv2%2Fcomments&post=6551"}],"version-history":[{"count":0,"href":"https:\/\/onicop.blog\/index.php?rest_route=\/wp\/v2\/pages\/6551\/revisions"}],"wp:attachment":[{"href":"https:\/\/onicop.blog\/index.php?rest_route=%2Fwp%2Fv2%2Fmedia&parent=6551"}],"curies":[{"name":"wp","href":"https:\/\/api.w.org\/{rel}","templated":true}]}}